{"id":9997,"date":"2017-05-02T17:28:57","date_gmt":"2017-05-02T17:28:57","guid":{"rendered":"http:\/\/Stovyklauju.lt\/?page_id=9997"},"modified":"2019-04-24T14:19:01","modified_gmt":"2019-04-24T11:19:01","slug":"stovyklos","status":"publish","type":"page","link":"https:\/\/stovyklauju.lt\/?page_id=9997","title":{"rendered":"Stovyklos"},"content":{"rendered":"\n  <div class=\"banner has-hover hide-for-medium\" id=\"banner-143499846\">\n          <div class=\"banner-inner fill\">\n        <div class=\"banner-bg fill\" >\n            <div class=\"bg fill bg-fill \"><\/div>\n                        <div class=\"overlay\"><\/div>            \n                    <\/div><!-- bg-layers -->\n        <div class=\"banner-layers container\">\n            <div class=\"fill banner-link\"><\/div>            \n        <\/div><!-- .banner-layers -->\n      <\/div><!-- .banner-inner -->\n\n            \n<style scope=\"scope\">\n\n#banner-143499846 {\n  padding-top: 112px;\n  background-color: rgb(175, 22, 14);\n}\n#banner-143499846 .bg.bg-loaded {\n  background-image: url(https:\/\/stovyklauju.lt\/wp-content\/uploads\/2017\/06\/blogo-vaivorykste333.png);\n}\n#banner-143499846 .overlay {\n  background-color: rgba(0, 0, 0, 0);\n}\n<\/style>\n  <\/div><!-- .banner -->\n\n\n\n  <div class=\"banner has-hover show-for-small\" id=\"banner-984668117\">\n          <div class=\"banner-inner fill\">\n        <div class=\"banner-bg fill\" >\n            <div class=\"bg fill bg-fill \"><\/div>\n                        <div class=\"overlay\"><\/div>            \n                    <\/div><!-- bg-layers -->\n        <div class=\"banner-layers container\">\n            <div class=\"fill banner-link\"><\/div>            \n        <\/div><!-- .banner-layers -->\n      <\/div><!-- .banner-inner -->\n\n            \n<style scope=\"scope\">\n\n#banner-984668117 {\n  padding-top: 112px;\n  background-color: rgb(175, 22, 14);\n}\n#banner-984668117 .bg.bg-loaded {\n  background-image: url(https:\/\/stovyklauju.lt\/wp-content\/uploads\/2017\/06\/blogo-vaivorykste2222.png);\n}\n#banner-984668117 .overlay {\n  background-color: rgba(0, 0, 0, 0);\n}\n#banner-984668117 .bg {\n  background-position: 84% 80%;\n}\n<\/style>\n  <\/div><!-- .banner -->\n\n\n  <section class=\"section\" id=\"section_479030470\">\n      <div class=\"bg section-bg fill bg-fill  bg-loaded\" >\n\n        \n        <div class=\"section-bg-overlay absolute fill\"><\/div>\n        \n        \n        \n        \n\n      <\/div><!-- .section-bg -->\n\n      <div class=\"section-content relative\">\n        \n<div class=\"row\"  id=\"row-829458224\">\n<div class=\"col small-12 large-12\"  ><div class=\"col-inner\"  >\n<div class=\"cff-wrapper\"><div class=\"cff-wrapper-ctn \" ><div id=\"cff\" data-char=\"400\" class=\"cff  cff-mob-cols-1 cff-tab-cols-1  cff-half-layout cff-pag cff-all-reviews cff-nojs  cff-lightbox cff-lb\"  data-fb-text=\"Komentuoti\" data-offset=\"\" data-own-token=\"true\" data-grid-pag=\"cursor\" data-lb-comments=\"false\" data-pag-num=\"100\" data-cff-shortcode=\"{&quot;type&quot;: &quot;events&quot;, &quot;id&quot;: &quot;stovyklakaune&quot;, &quot;eventsource&quot;: &quot;eventspage&quot;, &quot;headertext&quot;: &quot;Stovyklos&quot;, &quot;accesstoken&quot;: &quot;EAAgkJ3Uh6zsBAOdlMEzKM6Sj02Sb981f26534g75h091287a46p5l63g4ngUaqtasKZBIA7ghZCq6y0ZARgb9WZB5iwA8xc6QDQbk4HQZBeNJv21x2zCNB2zTiUl5gdDS2dcz56eOZALcwLZB9d9Ff0aW92prHYqTbdIxGZAV1Mb6zBUJWZBJkXJpw0UEYhGD7DyXX9uYJzncgZDZD&quot;, &quot;ownaccesstoken&quot;: &quot;on&quot;}\" data-postid=\"9997\"><svg width=\"24px\" height=\"24px\" version=\"1.1\" xmlns=\"http:\/\/www.w3.org\/2000\/svg\" xmlns:xlink=\"http:\/\/www.w3.org\/1999\/xlink\" class=\"cff-screenreader\" role=\"img\" aria-labelledby=\"metaSVGid metaSVGdesc\"><title id=\"metaSVGid\">Comments Box SVG icons<\/title><desc id=\"metaSVGdesc\">Used for the like, share, comment, and reaction icons<\/desc><defs><linearGradient id=\"angryGrad\" x1=\"0\" x2=\"0\" y1=\"0\" y2=\"1\"><stop offset=\"0%\" stop-color=\"#f9ae9e\" \/><stop offset=\"70%\" stop-color=\"#ffe7a4\" \/><\/linearGradient><linearGradient id=\"likeGrad\"><stop offset=\"25%\" stop-color=\"rgba(0,0,0,0.05)\" \/><stop offset=\"26%\" stop-color=\"rgba(255,255,255,0.7)\" \/><\/linearGradient><linearGradient id=\"likeGradHover\"><stop offset=\"25%\" stop-color=\"#a3caff\" \/><stop offset=\"26%\" stop-color=\"#fff\" \/><\/linearGradient><linearGradient id=\"likeGradDark\"><stop offset=\"25%\" stop-color=\"rgba(255,255,255,0.5)\" \/><stop offset=\"26%\" stop-color=\"rgba(255,255,255,0.7)\" \/><\/linearGradient><\/defs><\/svg>\t\t<div class=\"cff-error-msg\">\n\t\t\t<div>\n            <svg  aria-hidden=\"true\" focusable=\"false\" data-prefix=\"fas\" data-icon=\"lock\" role=\"img\" xmlns=\"http:\/\/www.w3.org\/2000\/svg\" viewBox=\"0 0 448 512\" class=\"svg-inline--fa fa-lock fa-w-14 \"><path fill=\"currentColor\" d=\"M400 224h-24v-72C376 68.2 307.8 0 224 0S72 68.2 72 152v72H48c-26.5 0-48 21.5-48 48v192c0 26.5 21.5 48 48 48h352c26.5 0 48-21.5 48-48V272c0-26.5-21.5-48-48-48zm-104 0H152v-72c0-39.7 32.3-72 72-72s72 32.3 72 72v72z\"><\/path><\/svg><b>This message is only visible to admins.<\/b><br\/>\t\n\t\t\t\tProblem displaying Facebook posts. Backup cache in use.\t\n\t\t\t\t\t\t\t\t\t<\/div>\n\t\t\t\t\t<div id=\"cff-error-reason\">\n\t\t\t\t\t\t\t\t\t\t\t\t\t<b>Error:<\/b> Unsupported get request. Object with ID 'events' does not exist, cannot be loaded due to missing permissions, or does not support this operation. Please read the Graph API documentation at https:\/\/developers.facebook.com\/docs\/graph-api<br\/>\n\t\t\t\t\t\t\t\n\t\t\t\t\t\t\t\t\t\t\t\t\t<b>Type:<\/b> GraphMethodException<br\/>\n\t\t\t\t\t\t\t\n\t\t\t\t\t\t\t\n\t\t\t\t\t\t\t\t\n\t\t\t\t\t\t\t\n\t\t\t\t\t\t\t\n\t\t\t\t\t\t\t\t\t\t\t\t\t\t\t\t\t\t\t\t\t\t\t\t<\/div>\n\t\t\t\t\t\t\t\t\n\t\t<\/div>\n\t\t<div class=\"cff-posts-wrap\"><p class=\"cff-no-events\">Artimiausi\u0173 rengini\u0173 n\u0117ra<\/p><\/div><span class=\"cff_resized_image_data\" data-feedid=\"cff_ej_100p\" data-resized=\"[]\"><\/span><\/div><\/div><div class=\"cff-clear\"><\/div><\/div>\n<\/div><\/div>\n<\/div>\n      <\/div><!-- .section-content -->\n\n      \n<style scope=\"scope\">\n\n#section_479030470 {\n  padding-top: 0px;\n  padding-bottom: 0px;\n  background-color: rgb(249, 244, 235);\n}\n#section_479030470 .section-bg-overlay {\n  background-color: rgba(0, 0, 0, 0);\n}\n<\/style>\n  <\/section>\n  \n","protected":false},"excerpt":{"rendered":"","protected":false},"author":1,"featured_media":0,"parent":0,"menu_order":0,"comment_status":"closed","ping_status":"closed","template":"page-blank.php","meta":[],"_links":{"self":[{"href":"https:\/\/stovyklauju.lt\/index.php?rest_route=\/wp\/v2\/pages\/9997"}],"collection":[{"href":"https:\/\/stovyklauju.lt\/index.php?rest_route=\/wp\/v2\/pages"}],"about":[{"href":"https:\/\/stovyklauju.lt\/index.php?rest_route=\/wp\/v2\/types\/page"}],"author":[{"embeddable":true,"href":"https:\/\/stovyklauju.lt\/index.php?rest_route=\/wp\/v2\/users\/1"}],"replies":[{"embeddable":true,"href":"https:\/\/stovyklauju.lt\/index.php?rest_route=%2Fwp%2Fv2%2Fcomments&post=9997"}],"version-history":[{"count":22,"href":"https:\/\/stovyklauju.lt\/index.php?rest_route=\/wp\/v2\/pages\/9997\/revisions"}],"predecessor-version":[{"id":10460,"href":"https:\/\/stovyklauju.lt\/index.php?rest_route=\/wp\/v2\/pages\/9997\/revisions\/10460"}],"wp:attachment":[{"href":"https:\/\/stovyklauju.lt\/index.php?rest_route=%2Fwp%2Fv2%2Fmedia&parent=9997"}],"curies":[{"name":"wp","href":"https:\/\/api.w.org\/{rel}","templated":true}]}}